{"id":14,"date":"2023-02-08T09:26:39","date_gmt":"2023-02-08T08:26:39","guid":{"rendered":"https:\/\/johanneslepennec.com\/?page_id=14"},"modified":"2024-09-15T12:17:35","modified_gmt":"2024-09-15T10:17:35","slug":"videos","status":"publish","type":"page","link":"https:\/\/johanneslepennec.com\/index.php\/videos\/","title":{"rendered":"Vid\u00e9os"},"content":{"rendered":"\n<h2 class=\"wp-block-heading\">Brahms &#8211; Symphonie n\u00b03 (Andante) &#8211; Orchestre Symphonique Paris-Saclay<\/h2>\n\n\n\n<figure class=\"wp-block-embed is-type-video is-provider-youtube wp-block-embed-youtube wp-embed-aspect-16-9 wp-has-aspect-ratio\"><div class=\"wp-block-embed__wrapper\">\n<iframe loading=\"lazy\" title=\"Brahms - Symphonie n\u00b03 (II.Andante) - OSPS\" width=\"1320\" height=\"743\" src=\"https:\/\/www.youtube.com\/embed\/E6eAPD9RCf0?feature=oembed\" frameborder=\"0\" allow=\"accelerometer; autoplay; clipboard-write; encrypted-media; gyroscope; picture-in-picture; web-share\" referrerpolicy=\"strict-origin-when-cross-origin\" allowfullscreen><\/iframe>\n<\/div><\/figure>\n\n\n\n<h2 class=\"wp-block-heading\">Tcha\u00efkovsky &#8211; Symphonie n\u00b04 (final) &#8211; Orchestre Symphonique Paris-Saclay<\/h2>\n\n\n\n<figure class=\"wp-block-embed is-type-video is-provider-youtube wp-block-embed-youtube wp-embed-aspect-16-9 wp-has-aspect-ratio\"><div class=\"wp-block-embed__wrapper\">\n<iframe loading=\"lazy\" title=\"Tcha\u00efkovski - Symphonie n\u00b04 (extrait #2) - OSPS\" width=\"1320\" height=\"743\" src=\"https:\/\/www.youtube.com\/embed\/gxsFwW-lRlA?feature=oembed\" frameborder=\"0\" allow=\"accelerometer; autoplay; clipboard-write; encrypted-media; gyroscope; picture-in-picture; web-share\" referrerpolicy=\"strict-origin-when-cross-origin\" allowfullscreen><\/iframe>\n<\/div><\/figure>\n\n\n\n<h2 class=\"wp-block-heading\">Lavandier &#8211; KENSON, concerto pour Bagad &#8211; Orchestre National de Bretagne, Bagad Kemper)<\/h2>\n\n\n\n<figure class=\"wp-block-embed is-type-video is-provider-youtube wp-block-embed-youtube wp-embed-aspect-16-9 wp-has-aspect-ratio\"><div class=\"wp-block-embed__wrapper\">\n<iframe loading=\"lazy\" title=\"Kenson, concerto pour bagad\" width=\"1320\" height=\"743\" src=\"https:\/\/www.youtube.com\/embed\/Fp1zdV4_lJ0?feature=oembed\" frameborder=\"0\" allow=\"accelerometer; autoplay; clipboard-write; encrypted-media; gyroscope; picture-in-picture; web-share\" referrerpolicy=\"strict-origin-when-cross-origin\" allowfullscreen><\/iframe>\n<\/div><\/figure>\n\n\n\n<h2 class=\"wp-block-heading\">Bruckner &#8211; Symphonie n\u00b09 (extrait #1) &#8211; Ondes Plurielles<\/h2>\n\n\n\n<figure class=\"wp-block-embed is-type-video is-provider-youtube wp-block-embed-youtube wp-embed-aspect-16-9 wp-has-aspect-ratio\"><div class=\"wp-block-embed__wrapper\">\n<iframe loading=\"lazy\" title=\"Bruckner - Symphonie n\u00b09 (extrait #1) - Ondes Plurielles\" width=\"1320\" height=\"743\" src=\"https:\/\/www.youtube.com\/embed\/yiV7iylVKWM?feature=oembed\" frameborder=\"0\" allow=\"accelerometer; autoplay; clipboard-write; encrypted-media; gyroscope; picture-in-picture; web-share\" referrerpolicy=\"strict-origin-when-cross-origin\" allowfullscreen><\/iframe>\n<\/div><\/figure>\n\n\n\n<h2 class=\"wp-block-heading\">Bruckner &#8211; Symphonie n\u00b09 (extrait #2) &#8211; Ondes Plurielles<\/h2>\n\n\n\n<figure class=\"wp-block-embed is-type-video is-provider-youtube wp-block-embed-youtube wp-embed-aspect-16-9 wp-has-aspect-ratio\"><div class=\"wp-block-embed__wrapper\">\n<iframe loading=\"lazy\" title=\"Bruckner - Symphonie n\u00b09 (extrait #2) - Ondes Plurielles\" width=\"1320\" height=\"743\" src=\"https:\/\/www.youtube.com\/embed\/U2voZF5lbKY?feature=oembed\" frameborder=\"0\" allow=\"accelerometer; autoplay; clipboard-write; encrypted-media; gyroscope; picture-in-picture; web-share\" referrerpolicy=\"strict-origin-when-cross-origin\" allowfullscreen><\/iframe>\n<\/div><\/figure>\n\n\n\n<h2 class=\"wp-block-heading\">Faur\u00e9 &#8211; Pell\u00e9as et M\u00e9lisande &#8211; Pr\u00e9lude &#8211; OSPS&nbsp;<\/h2>\n\n\n\n<figure class=\"wp-block-embed is-type-video is-provider-youtube wp-block-embed-youtube wp-embed-aspect-16-9 wp-has-aspect-ratio\"><div class=\"wp-block-embed__wrapper\">\n<iframe loading=\"lazy\" title=\"Faur\u00e9 - Pell\u00e9as et M\u00e9lisande - Pr\u00e9lude - OSPS - Johannes Le Pennec\" width=\"1320\" height=\"743\" src=\"https:\/\/www.youtube.com\/embed\/-CEDQccxT3Q?feature=oembed\" frameborder=\"0\" allow=\"accelerometer; autoplay; clipboard-write; encrypted-media; gyroscope; picture-in-picture; web-share\" referrerpolicy=\"strict-origin-when-cross-origin\" allowfullscreen><\/iframe>\n<\/div><\/figure>\n\n\n\n<h2 class=\"wp-block-heading\">Bayala &#8211; Making-of BO<\/h2>\n\n\n\n<figure class=\"wp-block-embed is-type-video is-provider-youtube wp-block-embed-youtube wp-embed-aspect-16-9 wp-has-aspect-ratio\"><div class=\"wp-block-embed__wrapper\">\n<iframe loading=\"lazy\" title=\"BO Bayala - Scoring Orchestra - Making of\" width=\"1320\" height=\"743\" src=\"https:\/\/www.youtube.com\/embed\/vB_AR0B_Gbs?start=16&#038;feature=oembed\" frameborder=\"0\" allow=\"accelerometer; autoplay; clipboard-write; encrypted-media; gyroscope; picture-in-picture; web-share\" referrerpolicy=\"strict-origin-when-cross-origin\" allowfullscreen><\/iframe>\n<\/div><\/figure>\n","protected":false},"excerpt":{"rendered":"<p>Brahms &#8211; Symphonie n\u00b03 (Andante) &#8211; Orchestre Symphonique Paris-Saclay Tcha\u00efkovsky &#8211; Symphonie n\u00b04 (final) &#8211; Orchestre Symphonique Paris-Saclay Lavandier &#8211; KENSON, concerto pour Bagad &#8211; Orchestre National de Bretagne, Bagad&#8230;<\/p>\n<p><a class=\"read-more\" href=\"https:\/\/johanneslepennec.com\/index.php\/videos\/\">Read More<\/a><\/p>\n","protected":false},"author":1,"featured_media":0,"parent":0,"menu_order":0,"comment_status":"closed","ping_status":"closed","template":"","meta":{"footnotes":""},"class_list":["post-14","page","type-page","status-publish","hentry"],"_links":{"self":[{"href":"https:\/\/johanneslepennec.com\/index.php\/wp-json\/wp\/v2\/pages\/14","targetHints":{"allow":["GET"]}}],"collection":[{"href":"https:\/\/johanneslepennec.com\/index.php\/wp-json\/wp\/v2\/pages"}],"about":[{"href":"https:\/\/johanneslepennec.com\/index.php\/wp-json\/wp\/v2\/types\/page"}],"author":[{"embeddable":true,"href":"https:\/\/johanneslepennec.com\/index.php\/wp-json\/wp\/v2\/users\/1"}],"replies":[{"embeddable":true,"href":"https:\/\/johanneslepennec.com\/index.php\/wp-json\/wp\/v2\/comments?post=14"}],"version-history":[{"count":14,"href":"https:\/\/johanneslepennec.com\/index.php\/wp-json\/wp\/v2\/pages\/14\/revisions"}],"predecessor-version":[{"id":394,"href":"https:\/\/johanneslepennec.com\/index.php\/wp-json\/wp\/v2\/pages\/14\/revisions\/394"}],"wp:attachment":[{"href":"https:\/\/johanneslepennec.com\/index.php\/wp-json\/wp\/v2\/media?parent=14"}],"curies":[{"name":"wp","href":"https:\/\/api.w.org\/{rel}","templated":true}]}}